{"id":16,"date":"2016-10-08T01:06:53","date_gmt":"2016-10-08T01:06:53","guid":{"rendered":"http:\/\/abatedouroschuelter.com.br\/?page_id=16"},"modified":"2016-10-18T11:44:44","modified_gmt":"2016-10-18T11:44:44","slug":"produtos","status":"publish","type":"page","link":"https:\/\/abatedouroschuelter.com.br\/index.php\/produtos\/","title":{"rendered":"Produtos"},"content":{"rendered":"<body>\n<div id=\"galeria_foto\">\n<p><span style=\"text-decoration: underline;\"><strong>Lingui\u00e7as Defumadas<\/strong><\/span> \u2013 As lingui\u00e7as defumadas s\u00e3o bastante conhecidas no mercado brasileiro: salame, paio e calabresa s\u00e3o alguns tipos. Elas passam por um processo de cozimento por fuma\u00e7a, ou defuma\u00e7\u00e3o, o que impacta no sabor, deixando-as mais ricas e com sabor marcante.<\/p>\n<p><strong><span style=\"text-decoration: underline;\">Insumos para feijoada<\/span><\/strong> \u2013\u00a0lingui\u00e7as calabresas,\u00a0gomos de paio,\u00a0carne-seca,\u00a0costela salgada,\u00a0lombo su\u00edno salgado.<\/p>\n<p><span style=\"text-decoration: underline;\"><strong>Carne bovina<\/strong><\/span> \u2013\u00a0\u00e9 a carne extra\u00edda dos bovinos, especialmente do gado dom\u00e9stico. \u00c9 uma das variedades de carne mais consumidas na Europa, nas Am\u00e9ricas e na Austr\u00e1lia, e muito importante na alimenta\u00e7\u00e3o de popula\u00e7\u00f5es da \u00c1frica, \u00c1sia Oriental e Sudeste Asi\u00e1tico. A carne bovina \u00e9 um tab\u00fa culin\u00e1rio em algumas culturas; seu consumo \u00e9 proibido pelo hindu\u00edsmo, religi\u00e3o que reverencia os bovinos, e \u00e9 desencorajado pelos budistas.<\/p>\n<p><span style=\"text-decoration: underline;\"><strong>Bovino vivo<\/strong><\/span> \u2013 Animais vivos da esp\u00e9cie bovina.<\/p>\n\n\t\t<style type=\"text\/css\">\n\t\t\t#gallery-1 {\n\t\t\t\tmargin: auto;\n\t\t\t}\n\t\t\t#gallery-1 .gallery-item {\n\t\t\t\tfloat: left;\n\t\t\t\tmargin-top: 10px;\n\t\t\t\ttext-align: center;\n\t\t\t\twidth: 33%;\n\t\t\t}\n\t\t\t#gallery-1 img {\n\t\t\t\tborder: 2px solid #cfcfcf;\n\t\t\t}\n\t\t\t#gallery-1 .gallery-caption {\n\t\t\t\tmargin-left: 0;\n\t\t\t}\n\t\t\t\/* see gallery_shortcode() in wp-includes\/media.php *\/\n\t\t<\/style>\n\t\t<div id='gallery-1' class='gallery galleryid-16 gallery-columns-3 gallery-size-thumbnail'><dl class='gallery-item'>\n\t\t\t<dt class='gallery-icon landscape'>\n\t\t\t\t<a href='https:\/\/abatedouroschuelter.com.br\/wp-content\/uploads\/2016\/10\/p1.jpg'><img loading=\"lazy\" decoding=\"async\" width=\"150\" height=\"150\" src=\"https:\/\/abatedouroschuelter.com.br\/wp-content\/uploads\/2016\/10\/p1-150x150.jpg\" class=\"attachment-thumbnail size-thumbnail\" alt=\"\" srcset=\"https:\/\/abatedouroschuelter.com.br\/wp-content\/uploads\/2016\/10\/p1-150x150.jpg 150w, https:\/\/abatedouroschuelter.com.br\/wp-content\/uploads\/2016\/10\/p1-50x50.jpg 50w, https:\/\/abatedouroschuelter.com.br\/wp-content\/uploads\/2016\/10\/p1.jpg 256w\" sizes=\"(max-width: 150px) 100vw, 150px\" \/><\/a>\n\t\t\t<\/dt><\/dl><dl class='gallery-item'>\n\t\t\t<dt class='gallery-icon landscape'>\n\t\t\t\t<a href='https:\/\/abatedouroschuelter.com.br\/wp-content\/uploads\/2016\/10\/p2.jpg'><img loading=\"lazy\" decoding=\"async\" width=\"150\" height=\"150\" src=\"https:\/\/abatedouroschuelter.com.br\/wp-content\/uploads\/2016\/10\/p2-150x150.jpg\" class=\"attachment-thumbnail size-thumbnail\" alt=\"\" srcset=\"https:\/\/abatedouroschuelter.com.br\/wp-content\/uploads\/2016\/10\/p2-150x150.jpg 150w, https:\/\/abatedouroschuelter.com.br\/wp-content\/uploads\/2016\/10\/p2-50x50.jpg 50w, https:\/\/abatedouroschuelter.com.br\/wp-content\/uploads\/2016\/10\/p2.jpg 256w\" sizes=\"(max-width: 150px) 100vw, 150px\" \/><\/a>\n\t\t\t<\/dt><\/dl><dl class='gallery-item'>\n\t\t\t<dt class='gallery-icon landscape'>\n\t\t\t\t<a href='https:\/\/abatedouroschuelter.com.br\/wp-content\/uploads\/2016\/10\/5.jpg'><img loading=\"lazy\" decoding=\"async\" width=\"150\" height=\"150\" src=\"https:\/\/abatedouroschuelter.com.br\/wp-content\/uploads\/2016\/10\/5-150x150.jpg\" class=\"attachment-thumbnail size-thumbnail\" alt=\"\" aria-describedby=\"gallery-1-9\" srcset=\"https:\/\/abatedouroschuelter.com.br\/wp-content\/uploads\/2016\/10\/5-150x150.jpg 150w, https:\/\/abatedouroschuelter.com.br\/wp-content\/uploads\/2016\/10\/5-50x50.jpg 50w\" sizes=\"(max-width: 150px) 100vw, 150px\" \/><\/a>\n\t\t\t<\/dt>\n\t\t\t\t<dd class='wp-caption-text gallery-caption' id='gallery-1-9'>\n\t\t\t\tCox\u00e3o Mole\n\t\t\t\t<\/dd><\/dl><br style=\"clear: both\" \/><dl class='gallery-item'>\n\t\t\t<dt class='gallery-icon landscape'>\n\t\t\t\t<a href='https:\/\/abatedouroschuelter.com.br\/wp-content\/uploads\/2016\/10\/nelore1.jpg'><img loading=\"lazy\" decoding=\"async\" width=\"150\" height=\"150\" src=\"https:\/\/abatedouroschuelter.com.br\/wp-content\/uploads\/2016\/10\/nelore1-150x150.jpg\" class=\"attachment-thumbnail size-thumbnail\" alt=\"\" aria-describedby=\"gallery-1-10\" srcset=\"https:\/\/abatedouroschuelter.com.br\/wp-content\/uploads\/2016\/10\/nelore1-150x150.jpg 150w, https:\/\/abatedouroschuelter.com.br\/wp-content\/uploads\/2016\/10\/nelore1-50x50.jpg 50w\" sizes=\"(max-width: 150px) 100vw, 150px\" \/><\/a>\n\t\t\t<\/dt>\n\t\t\t\t<dd class='wp-caption-text gallery-caption' id='gallery-1-10'>\n\t\t\t\tBoi Nelore\n\t\t\t\t<\/dd><\/dl><dl class='gallery-item'>\n\t\t\t<dt class='gallery-icon landscape'>\n\t\t\t\t<a href='https:\/\/abatedouroschuelter.com.br\/wp-content\/uploads\/2016\/10\/1.1.jpg'><img loading=\"lazy\" decoding=\"async\" width=\"150\" height=\"150\" src=\"https:\/\/abatedouroschuelter.com.br\/wp-content\/uploads\/2016\/10\/1.1-150x150.jpg\" class=\"attachment-thumbnail size-thumbnail\" alt=\"\" aria-describedby=\"gallery-1-5\" srcset=\"https:\/\/abatedouroschuelter.com.br\/wp-content\/uploads\/2016\/10\/1.1-150x150.jpg 150w, https:\/\/abatedouroschuelter.com.br\/wp-content\/uploads\/2016\/10\/1.1-50x50.jpg 50w\" sizes=\"(max-width: 150px) 100vw, 150px\" \/><\/a>\n\t\t\t<\/dt>\n\t\t\t\t<dd class='wp-caption-text gallery-caption' id='gallery-1-5'>\n\t\t\t\tFil\u00e9 Mignon\n\t\t\t\t<\/dd><\/dl><dl class='gallery-item'>\n\t\t\t<dt class='gallery-icon landscape'>\n\t\t\t\t<a href='https:\/\/abatedouroschuelter.com.br\/wp-content\/uploads\/2016\/10\/2.2.jpg'><img loading=\"lazy\" decoding=\"async\" width=\"150\" height=\"150\" src=\"https:\/\/abatedouroschuelter.com.br\/wp-content\/uploads\/2016\/10\/2.2-150x150.jpg\" class=\"attachment-thumbnail size-thumbnail\" alt=\"\" aria-describedby=\"gallery-1-6\" srcset=\"https:\/\/abatedouroschuelter.com.br\/wp-content\/uploads\/2016\/10\/2.2-150x150.jpg 150w, https:\/\/abatedouroschuelter.com.br\/wp-content\/uploads\/2016\/10\/2.2-50x50.jpg 50w\" sizes=\"(max-width: 150px) 100vw, 150px\" \/><\/a>\n\t\t\t<\/dt>\n\t\t\t\t<dd class='wp-caption-text gallery-caption' id='gallery-1-6'>\n\t\t\t\tPura Picanha\n\t\t\t\t<\/dd><\/dl><br style=\"clear: both\" \/>\n\t\t<\/div>\n\n<\/div>\n<\/body>","protected":false},"excerpt":{"rendered":"<p>Lingui\u00e7as Defumadas \u2013 As lingui\u00e7as defumadas s\u00e3o bastante conhecidas no mercado brasileiro: salame, paio e calabresa s\u00e3o alguns tipos. Elas passam por um processo de cozimento por fuma\u00e7a, ou defuma\u00e7\u00e3o, o que impacta no sabor, deixando-as mais ricas e com sabor marcante. Insumos para feijoada \u2013\u00a0lingui\u00e7as calabresas,\u00a0gomos de paio,\u00a0carne-seca,\u00a0costela salgada,\u00a0lombo su\u00edno salgado. Carne bovina \u2013\u00a0\u00e9 [&hellip;]<\/p>\n","protected":false},"author":1,"featured_media":0,"parent":0,"menu_order":0,"comment_status":"closed","ping_status":"closed","template":"","meta":{"om_disable_all_campaigns":false,"footnotes":""},"class_list":["post-16","page","type-page","status-publish","hentry"],"yoast_head":"<!-- This site is optimized with the Yoast SEO plugin v24.9 - https:\/\/yoast.com\/wordpress\/plugins\/seo\/ -->\n<title>Produtos - Abatedouro Schuelter<\/title>\n<meta name=\"robots\" content=\"index, follow, max-snippet:-1, max-image-preview:large, max-video-preview:-1\" \/>\n<link rel=\"canonical\" href=\"https:\/\/abatedouroschuelter.com.br\/index.php\/produtos\/\" \/>\n<meta property=\"og:locale\" content=\"pt_BR\" \/>\n<meta property=\"og:type\" content=\"article\" \/>\n<meta property=\"og:title\" content=\"Produtos - Abatedouro Schuelter\" \/>\n<meta property=\"og:description\" content=\"Lingui\u00e7as Defumadas \u2013 As lingui\u00e7as defumadas s\u00e3o bastante conhecidas no mercado brasileiro: salame, paio e calabresa s\u00e3o alguns tipos. Elas passam por um processo de cozimento por fuma\u00e7a, ou defuma\u00e7\u00e3o, o que impacta no sabor, deixando-as mais ricas e com sabor marcante. Insumos para feijoada \u2013\u00a0lingui\u00e7as calabresas,\u00a0gomos de paio,\u00a0carne-seca,\u00a0costela salgada,\u00a0lombo su\u00edno salgado. Carne bovina \u2013\u00a0\u00e9 [&hellip;]\" \/>\n<meta property=\"og:url\" content=\"https:\/\/abatedouroschuelter.com.br\/index.php\/produtos\/\" \/>\n<meta property=\"og:site_name\" content=\"Abatedouro Schuelter\" \/>\n<meta property=\"article:modified_time\" content=\"2016-10-18T11:44:44+00:00\" \/>\n<meta property=\"og:image\" content=\"https:\/\/abatedouroschuelter.com.br\/wp-content\/uploads\/2016\/10\/p1-150x150.jpg\" \/>\n<meta name=\"twitter:card\" content=\"summary_large_image\" \/>\n<meta name=\"twitter:label1\" content=\"Est. tempo de leitura\" \/>\n\t<meta name=\"twitter:data1\" content=\"1 minuto\" \/>\n<script type=\"application\/ld+json\" class=\"yoast-schema-graph\">{\"@context\":\"https:\/\/schema.org\",\"@graph\":[{\"@type\":\"WebPage\",\"@id\":\"https:\/\/abatedouroschuelter.com.br\/index.php\/produtos\/\",\"url\":\"https:\/\/abatedouroschuelter.com.br\/index.php\/produtos\/\",\"name\":\"Produtos - Abatedouro Schuelter\",\"isPartOf\":{\"@id\":\"https:\/\/abatedouroschuelter.com.br\/#website\"},\"datePublished\":\"2016-10-08T01:06:53+00:00\",\"dateModified\":\"2016-10-18T11:44:44+00:00\",\"breadcrumb\":{\"@id\":\"https:\/\/abatedouroschuelter.com.br\/index.php\/produtos\/#breadcrumb\"},\"inLanguage\":\"pt-BR\",\"potentialAction\":[{\"@type\":\"ReadAction\",\"target\":[\"https:\/\/abatedouroschuelter.com.br\/index.php\/produtos\/\"]}]},{\"@type\":\"BreadcrumbList\",\"@id\":\"https:\/\/abatedouroschuelter.com.br\/index.php\/produtos\/#breadcrumb\",\"itemListElement\":[{\"@type\":\"ListItem\",\"position\":1,\"name\":\"In\u00edcio\",\"item\":\"https:\/\/abatedouroschuelter.com.br\/\"},{\"@type\":\"ListItem\",\"position\":2,\"name\":\"Produtos\"}]},{\"@type\":\"WebSite\",\"@id\":\"https:\/\/abatedouroschuelter.com.br\/#website\",\"url\":\"https:\/\/abatedouroschuelter.com.br\/\",\"name\":\"Abatedouro Schuelter\",\"description\":\"47 9 9945-9141\",\"potentialAction\":[{\"@type\":\"SearchAction\",\"target\":{\"@type\":\"EntryPoint\",\"urlTemplate\":\"https:\/\/abatedouroschuelter.com.br\/?s={search_term_string}\"},\"query-input\":{\"@type\":\"PropertyValueSpecification\",\"valueRequired\":true,\"valueName\":\"search_term_string\"}}],\"inLanguage\":\"pt-BR\"}]}<\/script>\n<!-- \/ Yoast SEO plugin. -->","yoast_head_json":{"title":"Produtos - Abatedouro Schuelter","robots":{"index":"index","follow":"follow","max-snippet":"max-snippet:-1","max-image-preview":"max-image-preview:large","max-video-preview":"max-video-preview:-1"},"canonical":"https:\/\/abatedouroschuelter.com.br\/index.php\/produtos\/","og_locale":"pt_BR","og_type":"article","og_title":"Produtos - Abatedouro Schuelter","og_description":"Lingui\u00e7as Defumadas \u2013 As lingui\u00e7as defumadas s\u00e3o bastante conhecidas no mercado brasileiro: salame, paio e calabresa s\u00e3o alguns tipos. Elas passam por um processo de cozimento por fuma\u00e7a, ou defuma\u00e7\u00e3o, o que impacta no sabor, deixando-as mais ricas e com sabor marcante. Insumos para feijoada \u2013\u00a0lingui\u00e7as calabresas,\u00a0gomos de paio,\u00a0carne-seca,\u00a0costela salgada,\u00a0lombo su\u00edno salgado. Carne bovina \u2013\u00a0\u00e9 [&hellip;]","og_url":"https:\/\/abatedouroschuelter.com.br\/index.php\/produtos\/","og_site_name":"Abatedouro Schuelter","article_modified_time":"2016-10-18T11:44:44+00:00","og_image":[{"url":"https:\/\/abatedouroschuelter.com.br\/wp-content\/uploads\/2016\/10\/p1-150x150.jpg","type":"","width":"","height":""}],"twitter_card":"summary_large_image","twitter_misc":{"Est. tempo de leitura":"1 minuto"},"schema":{"@context":"https:\/\/schema.org","@graph":[{"@type":"WebPage","@id":"https:\/\/abatedouroschuelter.com.br\/index.php\/produtos\/","url":"https:\/\/abatedouroschuelter.com.br\/index.php\/produtos\/","name":"Produtos - Abatedouro Schuelter","isPartOf":{"@id":"https:\/\/abatedouroschuelter.com.br\/#website"},"datePublished":"2016-10-08T01:06:53+00:00","dateModified":"2016-10-18T11:44:44+00:00","breadcrumb":{"@id":"https:\/\/abatedouroschuelter.com.br\/index.php\/produtos\/#breadcrumb"},"inLanguage":"pt-BR","potentialAction":[{"@type":"ReadAction","target":["https:\/\/abatedouroschuelter.com.br\/index.php\/produtos\/"]}]},{"@type":"BreadcrumbList","@id":"https:\/\/abatedouroschuelter.com.br\/index.php\/produtos\/#breadcrumb","itemListElement":[{"@type":"ListItem","position":1,"name":"In\u00edcio","item":"https:\/\/abatedouroschuelter.com.br\/"},{"@type":"ListItem","position":2,"name":"Produtos"}]},{"@type":"WebSite","@id":"https:\/\/abatedouroschuelter.com.br\/#website","url":"https:\/\/abatedouroschuelter.com.br\/","name":"Abatedouro Schuelter","description":"47 9 9945-9141","potentialAction":[{"@type":"SearchAction","target":{"@type":"EntryPoint","urlTemplate":"https:\/\/abatedouroschuelter.com.br\/?s={search_term_string}"},"query-input":{"@type":"PropertyValueSpecification","valueRequired":true,"valueName":"search_term_string"}}],"inLanguage":"pt-BR"}]}},"_links":{"self":[{"href":"https:\/\/abatedouroschuelter.com.br\/index.php\/wp-json\/wp\/v2\/pages\/16"}],"collection":[{"href":"https:\/\/abatedouroschuelter.com.br\/index.php\/wp-json\/wp\/v2\/pages"}],"about":[{"href":"https:\/\/abatedouroschuelter.com.br\/index.php\/wp-json\/wp\/v2\/types\/page"}],"author":[{"embeddable":true,"href":"https:\/\/abatedouroschuelter.com.br\/index.php\/wp-json\/wp\/v2\/users\/1"}],"replies":[{"embeddable":true,"href":"https:\/\/abatedouroschuelter.com.br\/index.php\/wp-json\/wp\/v2\/comments?post=16"}],"version-history":[{"count":10,"href":"https:\/\/abatedouroschuelter.com.br\/index.php\/wp-json\/wp\/v2\/pages\/16\/revisions"}],"predecessor-version":[{"id":62,"href":"https:\/\/abatedouroschuelter.com.br\/index.php\/wp-json\/wp\/v2\/pages\/16\/revisions\/62"}],"wp:attachment":[{"href":"https:\/\/abatedouroschuelter.com.br\/index.php\/wp-json\/wp\/v2\/media?parent=16"}],"curies":[{"name":"wp","href":"https:\/\/api.w.org\/{rel}","templated":true}]}}